{"id":6793,"date":"2025-06-26T10:31:28","date_gmt":"2025-06-26T08:31:28","guid":{"rendered":"https:\/\/lumilt.indiead.ee\/business-premises\/"},"modified":"2025-11-12T10:31:03","modified_gmt":"2025-11-12T07:31:03","slug":"business-premises","status":"publish","type":"page","link":"https:\/\/luminamai.lt\/en\/business-premises\/","title":{"rendered":"Business premises"},"content":{"rendered":"<section class=\"-mx-4 md:-mx-16 px-4 md:px-16 pb-8 md:pb-24 commercial-filter-bg\">\n            <h1 class=\"th-content-max-width text-th-dark-1 font-heading-3-5 md:font-heading-2 font-semibold pt-4 md:pt-10\">Business premises<\/h1>\n              <h1 class=\"th-content-max-width text-th-dark-1 font-body-2 mb-10 pt-4 md:pt-10\">Naujajame Skanseno kvartale esan\u010diuose \u201eLumi Namai\u201c tai ne tik patogus gyvenimas, bet ir patogumai visai \u0161alia. Komercin\u0117s patalpos Laum\u0117n\u0173 gatv\u0117je jau visi\u0161kai i\u0161nuomotos ir si\u016blo apgalvot\u0105 paslaug\u0173 derin\u012f, kad kasdienis gyvenimas b\u016bt\u0173 lengvesnis tiek gyventojams, tiek kaimynams.    \r\n\r\nNuo patikimos odontologijos klinikos ir stiling\u0173 gro\u017eio salon\u0173 iki nam\u0173 tobulinimo, drabu\u017ei\u0173 ir namini\u0173 gyv\u016bn\u0117li\u0173 prie\u017ei\u016bros parduotuvi\u0173 \u2013 visk\u0105 rasite visai \u0161alia. \u010cia veikia ir jauki meno studija, skirta k\u016brybai.\r\n\r\nKartu \u0161ie verslai kuria sveting\u0105 kvartalo ritm\u0105 ir praturtina \u0160nipi\u0161ki\u0173 bendruomen\u0117s kasdienyb\u0119.<\/h1>\n        <div class=\"th-content-max-width w-full mt-10 mb-10\">\n          <\/div>\n    <div class=\"js-property-card-container th-content-max-width flex flex-col gap-10\">\n      <p class=\"col-span-full\">No commercial spaces found.<\/p>\n  <\/div>\n<\/section>\n  <section class=\"-mx-4 md:-mx-16 md:px-16 px-4 py-[50px] md:py-24 bg-gray-gradient\">\n          <h1 class=\"th-content-max-width text-th-dark-1 font-heading-3-5 md:font-heading-2 font-semibold pb-10\">Occupied business premises<\/h1>\n              <div class=\"th-content-max-width flex flex-col gap-10\">\n                <div class=\"border border-th-card-stroke bg-th-white-1 p-6 relative\">\n  <div href=\"https:\/\/luminamai.lt\/en\/toode\/laumenu-2-92-gyvunu-grozis\/\" class=\"flex flex-col lg:flex-row\">\n          <div class=\"relative lg:min-w-[420px] -m-6 lg:m-0\">\n                <img decoding=\"async\"\n          src=\"https:\/\/luminamai.lt\/wp-content\/uploads\/sites\/3\/2025\/09\/img_5983-AwvDLv82jqs7Kr2G.avif\"\n          srcset=\"\n              https:\/\/luminamai.lt\/wp-content\/uploads\/sites\/3\/2025\/09\/img_5983-AwvDLv82jqs7Kr2G.avif 1x,\n              https:\/\/luminamai.lt\/wp-content\/uploads\/sites\/3\/2025\/09\/img_5983-AwvDLv82jqs7Kr2G.avif 2x\n            \"\n          width=\"420\"\n          height=\"420\"\n          class=\"w-[420px] h-[420px] object-cover\"\n          alt=\"Laum\u0117n\u0173 2 &#8211; 92 &#8211; Gyv\u016bn\u0173 gro\u017eis\"\n          loading=\"lazy\" \/>\n      <\/div>\n        <div class=\"lg:px-6 flex flex-col flex-shrink mt-14 lg:mt-0 flex-grow\">\n              <h2 class=\"font-heading-4 lg:font-heading-3 mt-1\">MB Gyv\u016bn\u0173 gro\u017eis<\/h2>\n                    <p class=\"font-body-2 text-th-green-1 mb-2\">\u0160nipi\u0161k\u0117s<\/p>\n                    <p class=\"font-body-2 text-th-dark-1 block mb-6 mt-4\">Blusius \u2013 a cozy and friendly dog and cat grooming salon in your neighborhood. Bathing, haircuts, nail trimming, and ear care \u2013 everything your pet needs to come home clean, beautiful, and happy. Professional grooming with love and care for every four-legged friend!<\/p>\n                    <div class=\"flex flex-row gap-2 mt-2\">\n          <a class=\"th-button\" href=\"https:\/\/blusius.lt\/\" target=\"_self\"><span class=\"link-span\">Business homepage<\/span><\/a>\n        <\/div>\n          <\/div>\n  <\/div>\n<\/div>\n                <div class=\"border border-th-card-stroke bg-th-white-1 p-6 relative\">\n  <div href=\"https:\/\/luminamai.lt\/en\/toode\/laumenu-2-91-mb-beauty-drop\/\" class=\"flex flex-col lg:flex-row\">\n          <div class=\"relative lg:min-w-[420px] -m-6 lg:m-0\">\n                <img decoding=\"async\"\n          src=\"https:\/\/luminamai.lt\/wp-content\/uploads\/sites\/3\/2025\/09\/515502909_24442748162018037_9120205713228985580_n-420x420.jpg\"\n          srcset=\"\n              https:\/\/luminamai.lt\/wp-content\/uploads\/sites\/3\/2025\/09\/515502909_24442748162018037_9120205713228985580_n-420x420.jpg 1x,\n              https:\/\/luminamai.lt\/wp-content\/uploads\/sites\/3\/2025\/09\/515502909_24442748162018037_9120205713228985580_n-800x840.jpg 2x\n            \"\n          width=\"420\"\n          height=\"420\"\n          class=\"w-[420px] h-[420px] object-cover\"\n          alt=\"Laum\u0117n\u0173 2 &#8211; 91 &#8211; MB Beauty drop\"\n          loading=\"lazy\" \/>\n      <\/div>\n        <div class=\"lg:px-6 flex flex-col flex-shrink mt-14 lg:mt-0 flex-grow\">\n              <h2 class=\"font-heading-4 lg:font-heading-3 mt-1\">MB Beauty drop<\/h2>\n                    <p class=\"font-body-2 text-th-green-1 mb-2\">\u0160nipi\u0161k\u0117s<\/p>\n                    <p class=\"font-body-2 text-th-dark-1 block mb-6 mt-4\">Pamper yourself at Beauty Drop Studio, located in Vilnius. Eyebrow design, eyelash extensions, and hair care treatments are just a few of the services offered by this great beauty salon.<\/p>\n                    <div class=\"flex flex-row gap-2 mt-2\">\n          <a class=\"th-button\" href=\"https:\/\/www.treatwell.lt\/salonas\/beauty-drop-studio\/\" target=\"_self\"><span class=\"link-span\">Business homepage<\/span><\/a>\n        <\/div>\n          <\/div>\n  <\/div>\n<\/div>\n                <div class=\"border border-th-card-stroke bg-th-white-1 p-6 relative\">\n  <div href=\"https:\/\/luminamai.lt\/en\/toode\/laumenu-2-90-urban-hair\/\" class=\"flex flex-col lg:flex-row\">\n          <div class=\"relative lg:min-w-[420px] -m-6 lg:m-0\">\n                <img decoding=\"async\"\n          src=\"https:\/\/luminamai.lt\/wp-content\/uploads\/sites\/3\/2025\/09\/plovimo_kirpejos-420x420.jpg\"\n          srcset=\"\n              https:\/\/luminamai.lt\/wp-content\/uploads\/sites\/3\/2025\/09\/plovimo_kirpejos-420x420.jpg 1x,\n              https:\/\/luminamai.lt\/wp-content\/uploads\/sites\/3\/2025\/09\/plovimo_kirpejos-840x840.jpg 2x\n            \"\n          width=\"420\"\n          height=\"420\"\n          class=\"w-[420px] h-[420px] object-cover\"\n          alt=\"Laum\u0117n\u0173 2 &#8211; 90 &#8211; Urban Hair\"\n          loading=\"lazy\" \/>\n      <\/div>\n        <div class=\"lg:px-6 flex flex-col flex-shrink mt-14 lg:mt-0 flex-grow\">\n              <h2 class=\"font-heading-4 lg:font-heading-3 mt-1\">Urban Hair<\/h2>\n                    <p class=\"font-body-2 text-th-green-1 mb-2\">\u0160nipi\u0161k\u0117s<\/p>\n                    <p class=\"font-body-2 text-th-dark-1 block mb-6 mt-4\">A modern hair salon for women, men, and children \u2013 offering cuts, coloring, and treatments tailored to your style. At Urban Hair, professional care meets a relaxed atmosphere, so you leave looking and feeling your best.<\/p>\n                    <div class=\"flex flex-row gap-2 mt-2\">\n          <a class=\"th-button\" href=\"https:\/\/urbanhair.lt\/\" target=\"_self\"><span class=\"link-span\">Business homepage<\/span><\/a>\n        <\/div>\n          <\/div>\n  <\/div>\n<\/div>\n                <div class=\"border border-th-card-stroke bg-th-white-1 p-6 relative\">\n  <div href=\"https:\/\/luminamai.lt\/en\/toode\/laumenu-2-88-mb-margumynas\/\" class=\"flex flex-col lg:flex-row\">\n          <div class=\"relative lg:min-w-[420px] -m-6 lg:m-0\">\n                <img decoding=\"async\"\n          src=\"https:\/\/luminamai.lt\/wp-content\/uploads\/sites\/3\/2025\/09\/KUJICAM_2024-08-19-14-32-32_developed-420x420.jpg\"\n          srcset=\"\n              https:\/\/luminamai.lt\/wp-content\/uploads\/sites\/3\/2025\/09\/KUJICAM_2024-08-19-14-32-32_developed-420x420.jpg 1x,\n              https:\/\/luminamai.lt\/wp-content\/uploads\/sites\/3\/2025\/09\/KUJICAM_2024-08-19-14-32-32_developed-840x840.jpg 2x\n            \"\n          width=\"420\"\n          height=\"420\"\n          class=\"w-[420px] h-[420px] object-cover\"\n          alt=\"Laum\u0117n\u0173 2 &#8211; 88 &#8211; MB Margumynas\"\n          loading=\"lazy\" \/>\n      <\/div>\n        <div class=\"lg:px-6 flex flex-col flex-shrink mt-14 lg:mt-0 flex-grow\">\n              <h2 class=\"font-heading-4 lg:font-heading-3 mt-1\">MB Margumynas<\/h2>\n                    <p class=\"font-body-2 text-th-green-1 mb-2\">\u0160nipi\u0161k\u0117s<\/p>\n                    <p class=\"font-body-2 text-th-dark-1 block mb-6 mt-4\">A creative art studio for children, teens, and adults. From painting classes to themed workshops and art-filled birthdays \u2013 Studija Smilga is where imagination grows and colors come to life in a warm, inspiring setting.<\/p>\n                    <div class=\"flex flex-row gap-2 mt-2\">\n          <a class=\"th-button\" href=\"https:\/\/www.studijasmilga.lt\/\" target=\"_self\"><span class=\"link-span\">Business homepage<\/span><\/a>\n        <\/div>\n          <\/div>\n  <\/div>\n<\/div>\n                <div class=\"border border-th-card-stroke bg-th-white-1 p-6 relative\">\n  <div href=\"https:\/\/luminamai.lt\/en\/toode\/laumenu-2-87-mb-minibeany\/\" class=\"flex flex-col lg:flex-row\">\n          <div class=\"relative lg:min-w-[420px] -m-6 lg:m-0\">\n                <img decoding=\"async\"\n          src=\"https:\/\/luminamai.lt\/wp-content\/uploads\/sites\/3\/2025\/09\/Screenshot-2025-11-04-165918-420x420.jpg\"\n          srcset=\"\n              https:\/\/luminamai.lt\/wp-content\/uploads\/sites\/3\/2025\/09\/Screenshot-2025-11-04-165918-420x420.jpg 1x,\n              https:\/\/luminamai.lt\/wp-content\/uploads\/sites\/3\/2025\/09\/Screenshot-2025-11-04-165918-840x636.jpg 2x\n            \"\n          width=\"420\"\n          height=\"420\"\n          class=\"w-[420px] h-[420px] object-cover\"\n          alt=\"Laum\u0117n\u0173 2 &#8211; 87 &#8211; MB Minibeany\"\n          loading=\"lazy\" \/>\n      <\/div>\n        <div class=\"lg:px-6 flex flex-col flex-shrink mt-14 lg:mt-0 flex-grow\">\n              <h2 class=\"font-heading-4 lg:font-heading-3 mt-1\">MB Minibeany<\/h2>\n                          <p class=\"font-body-2 text-th-dark-1 block mb-6 mt-4\">A modern nail salon offering manicures, pedicures, gel polish, and extensions with top-quality products and professional care. At YSI beauty lounge, every detail is polished to perfection \u2013 in a calm, stylish setting.<\/p>\n                    <div class=\"flex flex-row gap-2 mt-2\">\n          <a class=\"th-button\" href=\"https:\/\/ysi-beauty-lounge.mytreatwell.lt\/\" target=\"_self\"><span class=\"link-span\">Business homepage<\/span><\/a>\n        <\/div>\n          <\/div>\n  <\/div>\n<\/div>\n                <div class=\"border border-th-card-stroke bg-th-white-1 p-6 relative\">\n  <div href=\"https:\/\/luminamai.lt\/en\/toode\/laumenu-2-86-mb-tarrozza\/\" class=\"flex flex-col lg:flex-row\">\n        <div class=\"lg:px-6 flex flex-col flex-shrink mt-14 lg:mt-0 flex-grow\">\n                    <p class=\"font-body-2 text-th-green-1 mb-2\">\u0160nipi\u0161k\u0117s<\/p>\n                          <div class=\"flex flex-row gap-2 mt-2\">\n          <a class=\"th-button\" href=\"\" target=\"_self\"><span class=\"link-span\">Business homepage<\/span><\/a>\n        <\/div>\n          <\/div>\n  <\/div>\n<\/div>\n                <div class=\"border border-th-card-stroke bg-th-white-1 p-6 relative\">\n  <div href=\"https:\/\/luminamai.lt\/en\/toode\/laumenu-2-84-85-imi-odontologijos-klinika\/\" class=\"flex flex-col lg:flex-row\">\n          <div class=\"relative lg:min-w-[420px] -m-6 lg:m-0\">\n                <img decoding=\"async\"\n          src=\"https:\/\/luminamai.lt\/wp-content\/uploads\/sites\/3\/2025\/09\/about-2-1024x683-1-420x420.webp\"\n          srcset=\"\n              https:\/\/luminamai.lt\/wp-content\/uploads\/sites\/3\/2025\/09\/about-2-1024x683-1-420x420.webp 1x,\n              https:\/\/luminamai.lt\/wp-content\/uploads\/sites\/3\/2025\/09\/about-2-1024x683-1-840x683.webp 2x\n            \"\n          width=\"420\"\n          height=\"420\"\n          class=\"w-[420px] h-[420px] object-cover\"\n          alt=\"Laum\u0117n\u0173 2 &#8211; 84\/85 &#8211; IMI odontologijos klinika\"\n          loading=\"lazy\" \/>\n      <\/div>\n        <div class=\"lg:px-6 flex flex-col flex-shrink mt-14 lg:mt-0 flex-grow\">\n              <h2 class=\"font-heading-4 lg:font-heading-3 mt-1\">IMI odontologijos klinika<\/h2>\n                    <p class=\"font-body-2 text-th-green-1 mb-2\">\u0160nipi\u0161k\u0117s<\/p>\n                    <p class=\"font-body-2 text-th-dark-1 block mb-6 mt-4\">A modern dental clinic where care, comfort, and professional excellence come together. From everyday checkups to advanced treatments, IMI offers personalized dental care in a calm and welcoming environment \u2014 designed to make every visit feel easy.<\/p>\n                    <div class=\"flex flex-row gap-2 mt-2\">\n          <a class=\"th-button\" href=\"https:\/\/imiklinika.lt\/\" target=\"_self\"><span class=\"link-span\">Business homepage<\/span><\/a>\n        <\/div>\n          <\/div>\n  <\/div>\n<\/div>\n              <\/div>\n          <\/section>\n      <script>\n      window.maps_locations = [{\"title\":\"Laum\\u0117n\\u0173 2\",\"location\":\"54.702418138279526, 25.270481472834874\"},{\"title\":\"Laum\\u0117n\\u0173 2\",\"location\":\"54.702418138279526, 25.270481472834874\"},{\"title\":\"Laum\\u0117n\\u0173 2\",\"location\":\"54.702418138279526, 25.270481472834874\"},{\"title\":\"Laum\\u0117n\\u0173 2\",\"location\":\"54.702418138279526, 25.270481472834874\"},{\"title\":\"Laum\\u0117n\\u0173 2\",\"location\":\"54.702418138279526, 25.270481472834874\"},{\"title\":\"Laum\\u0117n\\u0173 2\",\"location\":\"54.702418138279526, 25.270481472834874\"}]    <\/script>\n  ","protected":false},"excerpt":{"rendered":"","protected":false},"author":1,"featured_media":0,"parent":0,"menu_order":0,"comment_status":"closed","ping_status":"closed","template":"notitle-template.php","meta":{"_acf_changed":false,"footnotes":""},"class_list":["post-6793","page","type-page","status-publish","hentry"],"acf":[],"yoast_head":"<!-- This site is optimized with the Yoast SEO plugin v25.3 - https:\/\/yoast.com\/wordpress\/plugins\/seo\/ -->\n<title>Business premises - Lumi Namai<\/title>\n<meta name=\"description\" content=\"Rent business premises in our modern building complexes, where you will find everything you need for your business. Contact us and let&#039;s take a look.\" \/>\n<meta name=\"robots\" content=\"index, follow, max-snippet:-1, max-image-preview:large, max-video-preview:-1\" \/>\n<link rel=\"canonical\" href=\"https:\/\/luminamai.lt\/en\/business-premises\/\" \/>\n<meta property=\"og:locale\" content=\"en_US\" \/>\n<meta property=\"og:type\" content=\"article\" \/>\n<meta property=\"og:title\" content=\"Business premises - Lumi Namai\" \/>\n<meta property=\"og:description\" content=\"Rent business premises in our modern building complexes, where you will find everything you need for your business. Contact us and let&#039;s take a look.\" \/>\n<meta property=\"og:url\" content=\"https:\/\/luminamai.lt\/en\/business-premises\/\" \/>\n<meta property=\"og:site_name\" content=\"Lumi Namai\" \/>\n<meta property=\"article:publisher\" content=\"https:\/\/www.facebook.com\/LumiKodud\/\" \/>\n<meta property=\"article:modified_time\" content=\"2025-11-12T07:31:03+00:00\" \/>\n<meta property=\"og:image\" content=\"https:\/\/luminamai.lt\/wp-content\/uploads\/sites\/3\/2025\/11\/LumiNamaiSEOImage.png\" \/>\n\t<meta property=\"og:image:width\" content=\"1200\" \/>\n\t<meta property=\"og:image:height\" content=\"675\" \/>\n\t<meta property=\"og:image:type\" content=\"image\/png\" \/>\n<meta name=\"twitter:card\" content=\"summary_large_image\" \/>\n<script type=\"application\/ld+json\" class=\"yoast-schema-graph\">{\"@context\":\"https:\/\/schema.org\",\"@graph\":[{\"@type\":\"WebPage\",\"@id\":\"https:\/\/luminamai.lt\/en\/business-premises\/\",\"url\":\"https:\/\/luminamai.lt\/en\/business-premises\/\",\"name\":\"Business premises - Lumi Namai\",\"isPartOf\":{\"@id\":\"https:\/\/luminamai.lt\/en\/#website\"},\"datePublished\":\"2025-06-26T08:31:28+00:00\",\"dateModified\":\"2025-11-12T07:31:03+00:00\",\"description\":\"Rent business premises in our modern building complexes, where you will find everything you need for your business. Contact us and let's take a look.\",\"breadcrumb\":{\"@id\":\"https:\/\/luminamai.lt\/en\/business-premises\/#breadcrumb\"},\"inLanguage\":\"en-US\",\"potentialAction\":[{\"@type\":\"ReadAction\",\"target\":[\"https:\/\/luminamai.lt\/en\/business-premises\/\"]}]},{\"@type\":\"BreadcrumbList\",\"@id\":\"https:\/\/luminamai.lt\/en\/business-premises\/#breadcrumb\",\"itemListElement\":[{\"@type\":\"ListItem\",\"position\":1,\"name\":\"Lumi Namai\",\"item\":\"https:\/\/luminamai.lt\/en\/\"},{\"@type\":\"ListItem\",\"position\":2,\"name\":\"Business premises\"}]},{\"@type\":\"WebSite\",\"@id\":\"https:\/\/luminamai.lt\/en\/#website\",\"url\":\"https:\/\/luminamai.lt\/en\/\",\"name\":\"Lumi Namai\",\"description\":\"Nuomojami butai Vilniuje\",\"publisher\":{\"@id\":\"https:\/\/luminamai.lt\/en\/#organization\"},\"potentialAction\":[{\"@type\":\"SearchAction\",\"target\":{\"@type\":\"EntryPoint\",\"urlTemplate\":\"https:\/\/luminamai.lt\/en\/?s={search_term_string}\"},\"query-input\":{\"@type\":\"PropertyValueSpecification\",\"valueRequired\":true,\"valueName\":\"search_term_string\"}}],\"inLanguage\":\"en-US\"},{\"@type\":\"Organization\",\"@id\":\"https:\/\/luminamai.lt\/en\/#organization\",\"name\":\"Lumi Namai\",\"url\":\"https:\/\/luminamai.lt\/en\/\",\"logo\":{\"@type\":\"ImageObject\",\"inLanguage\":\"en-US\",\"@id\":\"https:\/\/luminamai.lt\/en\/#\/schema\/logo\/image\/\",\"url\":\"https:\/\/luminamai.lt\/wp-content\/uploads\/sites\/3\/2025\/08\/logo-header.svg\",\"contentUrl\":\"https:\/\/luminamai.lt\/wp-content\/uploads\/sites\/3\/2025\/08\/logo-header.svg\",\"width\":1,\"height\":1,\"caption\":\"Lumi Namai\"},\"image\":{\"@id\":\"https:\/\/luminamai.lt\/en\/#\/schema\/logo\/image\/\"},\"sameAs\":[\"https:\/\/www.facebook.com\/LumiKodud\/\",\"https:\/\/www.instagram.com\/lumikodud\/\",\"https:\/\/www.linkedin.com\/company\/lumi-capital\"]}]}<\/script>\n<!-- \/ Yoast SEO plugin. -->","yoast_head_json":{"title":"Business premises - Lumi Namai","description":"Rent business premises in our modern building complexes, where you will find everything you need for your business. Contact us and let's take a look.","robots":{"index":"index","follow":"follow","max-snippet":"max-snippet:-1","max-image-preview":"max-image-preview:large","max-video-preview":"max-video-preview:-1"},"canonical":"https:\/\/luminamai.lt\/en\/business-premises\/","og_locale":"en_US","og_type":"article","og_title":"Business premises - Lumi Namai","og_description":"Rent business premises in our modern building complexes, where you will find everything you need for your business. Contact us and let's take a look.","og_url":"https:\/\/luminamai.lt\/en\/business-premises\/","og_site_name":"Lumi Namai","article_publisher":"https:\/\/www.facebook.com\/LumiKodud\/","article_modified_time":"2025-11-12T07:31:03+00:00","og_image":[{"width":1200,"height":675,"url":"https:\/\/luminamai.lt\/wp-content\/uploads\/sites\/3\/2025\/11\/LumiNamaiSEOImage.png","type":"image\/png"}],"twitter_card":"summary_large_image","schema":{"@context":"https:\/\/schema.org","@graph":[{"@type":"WebPage","@id":"https:\/\/luminamai.lt\/en\/business-premises\/","url":"https:\/\/luminamai.lt\/en\/business-premises\/","name":"Business premises - Lumi Namai","isPartOf":{"@id":"https:\/\/luminamai.lt\/en\/#website"},"datePublished":"2025-06-26T08:31:28+00:00","dateModified":"2025-11-12T07:31:03+00:00","description":"Rent business premises in our modern building complexes, where you will find everything you need for your business. Contact us and let's take a look.","breadcrumb":{"@id":"https:\/\/luminamai.lt\/en\/business-premises\/#breadcrumb"},"inLanguage":"en-US","potentialAction":[{"@type":"ReadAction","target":["https:\/\/luminamai.lt\/en\/business-premises\/"]}]},{"@type":"BreadcrumbList","@id":"https:\/\/luminamai.lt\/en\/business-premises\/#breadcrumb","itemListElement":[{"@type":"ListItem","position":1,"name":"Lumi Namai","item":"https:\/\/luminamai.lt\/en\/"},{"@type":"ListItem","position":2,"name":"Business premises"}]},{"@type":"WebSite","@id":"https:\/\/luminamai.lt\/en\/#website","url":"https:\/\/luminamai.lt\/en\/","name":"Lumi Namai","description":"Nuomojami butai Vilniuje","publisher":{"@id":"https:\/\/luminamai.lt\/en\/#organization"},"potentialAction":[{"@type":"SearchAction","target":{"@type":"EntryPoint","urlTemplate":"https:\/\/luminamai.lt\/en\/?s={search_term_string}"},"query-input":{"@type":"PropertyValueSpecification","valueRequired":true,"valueName":"search_term_string"}}],"inLanguage":"en-US"},{"@type":"Organization","@id":"https:\/\/luminamai.lt\/en\/#organization","name":"Lumi Namai","url":"https:\/\/luminamai.lt\/en\/","logo":{"@type":"ImageObject","inLanguage":"en-US","@id":"https:\/\/luminamai.lt\/en\/#\/schema\/logo\/image\/","url":"https:\/\/luminamai.lt\/wp-content\/uploads\/sites\/3\/2025\/08\/logo-header.svg","contentUrl":"https:\/\/luminamai.lt\/wp-content\/uploads\/sites\/3\/2025\/08\/logo-header.svg","width":1,"height":1,"caption":"Lumi Namai"},"image":{"@id":"https:\/\/luminamai.lt\/en\/#\/schema\/logo\/image\/"},"sameAs":["https:\/\/www.facebook.com\/LumiKodud\/","https:\/\/www.instagram.com\/lumikodud\/","https:\/\/www.linkedin.com\/company\/lumi-capital"]}]}},"_links":{"self":[{"href":"https:\/\/luminamai.lt\/en\/wp-json\/wp\/v2\/pages\/6793","targetHints":{"allow":["GET"]}}],"collection":[{"href":"https:\/\/luminamai.lt\/en\/wp-json\/wp\/v2\/pages"}],"about":[{"href":"https:\/\/luminamai.lt\/en\/wp-json\/wp\/v2\/types\/page"}],"author":[{"embeddable":true,"href":"https:\/\/luminamai.lt\/en\/wp-json\/wp\/v2\/users\/1"}],"replies":[{"embeddable":true,"href":"https:\/\/luminamai.lt\/en\/wp-json\/wp\/v2\/comments?post=6793"}],"version-history":[{"count":4,"href":"https:\/\/luminamai.lt\/en\/wp-json\/wp\/v2\/pages\/6793\/revisions"}],"predecessor-version":[{"id":7353,"href":"https:\/\/luminamai.lt\/en\/wp-json\/wp\/v2\/pages\/6793\/revisions\/7353"}],"wp:attachment":[{"href":"https:\/\/luminamai.lt\/en\/wp-json\/wp\/v2\/media?parent=6793"}],"curies":[{"name":"wp","href":"https:\/\/api.w.org\/{rel}","templated":true}]}}