{"id":7364,"date":"2025-09-24T11:56:36","date_gmt":"2025-09-24T09:56:36","guid":{"rendered":"https:\/\/lumilt.indiead.ee\/toode\/laumenu-2-86-mb-tarrozza\/"},"modified":"2026-02-18T14:17:06","modified_gmt":"2026-02-18T12:17:06","slug":"laumenu-2-86-mb-tarrozza","status":"publish","type":"product","link":"https:\/\/luminamai.lt\/en\/toode\/laumenu-2-86-mb-tarrozza\/","title":{"rendered":"Laum\u0117n\u0173 2 &#8211; 86"},"content":{"rendered":"","protected":false},"excerpt":{"rendered":"","protected":false},"featured_media":0,"template":"","meta":{"_acf_changed":false},"product_cat":[15],"product_tag":[],"location":[65],"class_list":{"0":"post-7364","1":"product","2":"type-product","3":"status-publish","5":"product_cat-uncategorized","6":"location-snipiskes","8":"first","9":"instock","10":"shipping-taxable","11":"purchasable","12":"product-type-simple"},"acf":[],"yoast_head":"<!-- This site is optimized with the Yoast SEO plugin v25.3 - https:\/\/yoast.com\/wordpress\/plugins\/seo\/ -->\n<title>Laum\u0117n\u0173 2 - 86 - Lumi Namai<\/title>\n<meta name=\"robots\" content=\"index, follow, max-snippet:-1, max-image-preview:large, max-video-preview:-1\" \/>\n<link rel=\"canonical\" href=\"https:\/\/luminamai.lt\/en\/toode\/laumenu-2-86-mb-tarrozza\/\" \/>\n<meta property=\"og:locale\" content=\"en_US\" \/>\n<meta property=\"og:type\" content=\"article\" \/>\n<meta property=\"og:title\" content=\"Laum\u0117n\u0173 2 - 86 - Lumi Namai\" \/>\n<meta property=\"og:url\" content=\"https:\/\/luminamai.lt\/en\/toode\/laumenu-2-86-mb-tarrozza\/\" \/>\n<meta property=\"og:site_name\" content=\"Lumi Namai\" \/>\n<meta property=\"article:publisher\" content=\"https:\/\/www.facebook.com\/LumiKodud\/\" \/>\n<meta property=\"article:modified_time\" content=\"2026-02-18T12:17:06+00:00\" \/>\n<meta property=\"og:image\" content=\"https:\/\/luminamai.lt\/wp-content\/uploads\/sites\/3\/2025\/11\/LumiNamaiSEOImage.png\" \/>\n\t<meta property=\"og:image:width\" content=\"1200\" \/>\n\t<meta property=\"og:image:height\" content=\"675\" \/>\n\t<meta property=\"og:image:type\" content=\"image\/png\" \/>\n<meta name=\"twitter:card\" content=\"summary_large_image\" \/>\n<script type=\"application\/ld+json\" class=\"yoast-schema-graph\">{\"@context\":\"https:\/\/schema.org\",\"@graph\":[{\"@type\":\"WebPage\",\"@id\":\"https:\/\/luminamai.lt\/en\/toode\/laumenu-2-86-mb-tarrozza\/\",\"url\":\"https:\/\/luminamai.lt\/en\/toode\/laumenu-2-86-mb-tarrozza\/\",\"name\":\"Laum\u0117n\u0173 2 - 86 - Lumi Namai\",\"isPartOf\":{\"@id\":\"https:\/\/luminamai.lt\/en\/#website\"},\"datePublished\":\"2025-09-24T09:56:36+00:00\",\"dateModified\":\"2026-02-18T12:17:06+00:00\",\"breadcrumb\":{\"@id\":\"https:\/\/luminamai.lt\/en\/toode\/laumenu-2-86-mb-tarrozza\/#breadcrumb\"},\"inLanguage\":\"en-US\",\"potentialAction\":[{\"@type\":\"ReadAction\",\"target\":[\"https:\/\/luminamai.lt\/en\/toode\/laumenu-2-86-mb-tarrozza\/\"]}]},{\"@type\":\"BreadcrumbList\",\"@id\":\"https:\/\/luminamai.lt\/en\/toode\/laumenu-2-86-mb-tarrozza\/#breadcrumb\",\"itemListElement\":[{\"@type\":\"ListItem\",\"position\":1,\"name\":\"Lumi Namai\",\"item\":\"https:\/\/luminamai.lt\/en\/\"},{\"@type\":\"ListItem\",\"position\":2,\"name\":\"Properties\",\"item\":\"https:\/\/luminamai.lt\/en\/shop\/\"},{\"@type\":\"ListItem\",\"position\":3,\"name\":\"\u0160nipi\u0161k\u0117s\",\"item\":\"https:\/\/luminamai.lt\/en\/apartments\/snipiskes\/\"},{\"@type\":\"ListItem\",\"position\":4,\"name\":\"Laum\u0117n\u0173 2 &#8211; 86\"}]},{\"@type\":\"WebSite\",\"@id\":\"https:\/\/luminamai.lt\/en\/#website\",\"url\":\"https:\/\/luminamai.lt\/en\/\",\"name\":\"Lumi Namai\",\"description\":\"Nuomojami butai Vilniuje\",\"publisher\":{\"@id\":\"https:\/\/luminamai.lt\/en\/#organization\"},\"potentialAction\":[{\"@type\":\"SearchAction\",\"target\":{\"@type\":\"EntryPoint\",\"urlTemplate\":\"https:\/\/luminamai.lt\/en\/?s={search_term_string}\"},\"query-input\":{\"@type\":\"PropertyValueSpecification\",\"valueRequired\":true,\"valueName\":\"search_term_string\"}}],\"inLanguage\":\"en-US\"},{\"@type\":\"Organization\",\"@id\":\"https:\/\/luminamai.lt\/en\/#organization\",\"name\":\"Lumi Namai\",\"url\":\"https:\/\/luminamai.lt\/en\/\",\"logo\":{\"@type\":\"ImageObject\",\"inLanguage\":\"en-US\",\"@id\":\"https:\/\/luminamai.lt\/en\/#\/schema\/logo\/image\/\",\"url\":\"https:\/\/luminamai.lt\/wp-content\/uploads\/sites\/3\/2025\/08\/logo-header.svg\",\"contentUrl\":\"https:\/\/luminamai.lt\/wp-content\/uploads\/sites\/3\/2025\/08\/logo-header.svg\",\"width\":1,\"height\":1,\"caption\":\"Lumi Namai\"},\"image\":{\"@id\":\"https:\/\/luminamai.lt\/en\/#\/schema\/logo\/image\/\"},\"sameAs\":[\"https:\/\/www.facebook.com\/LumiKodud\/\",\"https:\/\/www.instagram.com\/lumikodud\/\",\"https:\/\/www.linkedin.com\/company\/lumi-capital\"]}]}<\/script>\n<!-- \/ Yoast SEO plugin. -->","yoast_head_json":{"title":"Laum\u0117n\u0173 2 - 86 - Lumi Namai","robots":{"index":"index","follow":"follow","max-snippet":"max-snippet:-1","max-image-preview":"max-image-preview:large","max-video-preview":"max-video-preview:-1"},"canonical":"https:\/\/luminamai.lt\/en\/toode\/laumenu-2-86-mb-tarrozza\/","og_locale":"en_US","og_type":"article","og_title":"Laum\u0117n\u0173 2 - 86 - Lumi Namai","og_url":"https:\/\/luminamai.lt\/en\/toode\/laumenu-2-86-mb-tarrozza\/","og_site_name":"Lumi Namai","article_publisher":"https:\/\/www.facebook.com\/LumiKodud\/","article_modified_time":"2026-02-18T12:17:06+00:00","og_image":[{"width":1200,"height":675,"url":"https:\/\/luminamai.lt\/wp-content\/uploads\/sites\/3\/2025\/11\/LumiNamaiSEOImage.png","type":"image\/png"}],"twitter_card":"summary_large_image","schema":{"@context":"https:\/\/schema.org","@graph":[{"@type":"WebPage","@id":"https:\/\/luminamai.lt\/en\/toode\/laumenu-2-86-mb-tarrozza\/","url":"https:\/\/luminamai.lt\/en\/toode\/laumenu-2-86-mb-tarrozza\/","name":"Laum\u0117n\u0173 2 - 86 - Lumi Namai","isPartOf":{"@id":"https:\/\/luminamai.lt\/en\/#website"},"datePublished":"2025-09-24T09:56:36+00:00","dateModified":"2026-02-18T12:17:06+00:00","breadcrumb":{"@id":"https:\/\/luminamai.lt\/en\/toode\/laumenu-2-86-mb-tarrozza\/#breadcrumb"},"inLanguage":"en-US","potentialAction":[{"@type":"ReadAction","target":["https:\/\/luminamai.lt\/en\/toode\/laumenu-2-86-mb-tarrozza\/"]}]},{"@type":"BreadcrumbList","@id":"https:\/\/luminamai.lt\/en\/toode\/laumenu-2-86-mb-tarrozza\/#breadcrumb","itemListElement":[{"@type":"ListItem","position":1,"name":"Lumi Namai","item":"https:\/\/luminamai.lt\/en\/"},{"@type":"ListItem","position":2,"name":"Properties","item":"https:\/\/luminamai.lt\/en\/shop\/"},{"@type":"ListItem","position":3,"name":"\u0160nipi\u0161k\u0117s","item":"https:\/\/luminamai.lt\/en\/apartments\/snipiskes\/"},{"@type":"ListItem","position":4,"name":"Laum\u0117n\u0173 2 &#8211; 86"}]},{"@type":"WebSite","@id":"https:\/\/luminamai.lt\/en\/#website","url":"https:\/\/luminamai.lt\/en\/","name":"Lumi Namai","description":"Nuomojami butai Vilniuje","publisher":{"@id":"https:\/\/luminamai.lt\/en\/#organization"},"potentialAction":[{"@type":"SearchAction","target":{"@type":"EntryPoint","urlTemplate":"https:\/\/luminamai.lt\/en\/?s={search_term_string}"},"query-input":{"@type":"PropertyValueSpecification","valueRequired":true,"valueName":"search_term_string"}}],"inLanguage":"en-US"},{"@type":"Organization","@id":"https:\/\/luminamai.lt\/en\/#organization","name":"Lumi Namai","url":"https:\/\/luminamai.lt\/en\/","logo":{"@type":"ImageObject","inLanguage":"en-US","@id":"https:\/\/luminamai.lt\/en\/#\/schema\/logo\/image\/","url":"https:\/\/luminamai.lt\/wp-content\/uploads\/sites\/3\/2025\/08\/logo-header.svg","contentUrl":"https:\/\/luminamai.lt\/wp-content\/uploads\/sites\/3\/2025\/08\/logo-header.svg","width":1,"height":1,"caption":"Lumi Namai"},"image":{"@id":"https:\/\/luminamai.lt\/en\/#\/schema\/logo\/image\/"},"sameAs":["https:\/\/www.facebook.com\/LumiKodud\/","https:\/\/www.instagram.com\/lumikodud\/","https:\/\/www.linkedin.com\/company\/lumi-capital"]}]}},"_links":{"self":[{"href":"https:\/\/luminamai.lt\/en\/wp-json\/wp\/v2\/product\/7364","targetHints":{"allow":["GET"]}}],"collection":[{"href":"https:\/\/luminamai.lt\/en\/wp-json\/wp\/v2\/product"}],"about":[{"href":"https:\/\/luminamai.lt\/en\/wp-json\/wp\/v2\/types\/product"}],"wp:attachment":[{"href":"https:\/\/luminamai.lt\/en\/wp-json\/wp\/v2\/media?parent=7364"}],"wp:term":[{"taxonomy":"product_cat","embeddable":true,"href":"https:\/\/luminamai.lt\/en\/wp-json\/wp\/v2\/product_cat?post=7364"},{"taxonomy":"product_tag","embeddable":true,"href":"https:\/\/luminamai.lt\/en\/wp-json\/wp\/v2\/product_tag?post=7364"},{"taxonomy":"location","embeddable":true,"href":"https:\/\/luminamai.lt\/en\/wp-json\/wp\/v2\/location?post=7364"}],"curies":[{"name":"wp","href":"https:\/\/api.w.org\/{rel}","templated":true}]}}